{"id":293,"date":"2014-07-07T21:25:30","date_gmt":"2014-07-07T19:25:30","guid":{"rendered":"http:\/\/www.freibad-neubeckum.de\/wp\/?page_id=293"},"modified":"2018-07-04T21:55:08","modified_gmt":"2018-07-04T19:55:08","slug":"foerdermitglied-werden","status":"publish","type":"page","link":"http:\/\/www.freibad-neubeckum.de\/wp\/?page_id=293","title":{"rendered":"F\u00f6rdermitglied werden"},"content":{"rendered":"<p>Gerne w\u00fcrden wir Sie als F\u00f6rdermitlied aufnehmen.<br \/>\nLesen Sie die <b>Informationspflichten nach Artikel 13 und 14 DSGVO<\/b>.<br \/>\nLaden Sie den Aufnahmeantrag herunter und senden Sie ihn uns ausgef\u00fcllt zu.<\/p>\n<p><a href=\"http:\/\/www.freibad-neubeckum.de\/wp\/wp-content\/uploads\/2018\/07\/Aufnahmeantrag_FF_Einwilligung_Artikel_7_DSGVO-1.pdf\">Aufnahmeantrag_<\/a><\/p>\n<p><span style=\"font-family: Arial, serif;\"><b>Informationspflichten nach Artikel 13 und 14 DSGVO<\/b><\/span><\/p>\n<p><span style=\"font-family: Arial, serif;\">Nach Artikel 13 und 14 EU-DSGVO hat der Verantwortliche einer betroffenen Person, deren Daten er verarbeitet, die in den Artikeln genannten Informationen bereit zu stellen. Dieser Informationspflicht kommt dieses Merkblatt nach.<\/span><\/p>\n<p><span style=\"font-family: Arial, serif;\">1. Namen und Kontaktdaten des Verantwortlichen sowie gegebenenfalls seiner Vertreter: <\/span><\/p>\n<p><span style=\"font-family: Arial, serif;\"><i>F\u00f6rderverein Freibad Neubeckum e.V. gesetzlich vertreten durch den Vorstand nach \u00a7 26 BGB, Thomas Kleinekemper, Hauptstr. 68-70, 59269 Beckum; 1. Vorsitzender, Heinrich Vo\u00df, Drosselstiege 22, 59269 Beckum; 2. Vorsitzender, Mechthild B\u00fcrsmeier-Nauert, Haferknapp 9, 59320 Ennigerloh; Gesch\u00e4ftsf\u00fchrerin; E-Mail: <\/i><\/span><span style=\"color: #0563c1;\"><span lang=\"zxx\"><u><a href=\"mailto:info@tus-musterstadt.de\"><span style=\"font-family: Arial, serif;\"><i>m_nauert@web.de<\/i><\/span><\/a><\/u><\/span><\/span><i> <\/i><\/p>\n<p><span style=\"font-family: Arial, serif;\">2. Zwecke, f\u00fcr die personenbezogenen Daten verarbeitet werden:<\/span><\/p>\n<p><span style=\"font-family: Arial, serif;\"><i>Die personenbezogenen Daten werden f\u00fcr die Durchf\u00fchrung des Mitgliedschaftsverh\u00e4ltnisses verarbeitet (z.B. Einladung zu Versammlungen, Beitragseinzug, Organisation des Vereinsbetriebes).<\/i><\/span><\/p>\n<p><span style=\"font-family: Arial, serif;\"><i>Dar\u00fcber hinaus werden personenbezogene Daten im Zusammenhang mit Vereinsaktivit\u00e4ten einschlie\u00dflich der Berichterstattung hier\u00fcber auf der Internetseite des Vereins, in Auftritten des Vereins in Sozialen Medien sowie an lokale, regionale Printmedien \u00fcbermittelt. <\/i><\/span><\/p>\n<p><span style=\"font-family: Arial, serif;\">4. Rechtsgrundlagen, auf Grund derer die Verarbeitung erfolgt:<\/span><\/p>\n<p><span style=\"font-family: Arial, serif;\"><i>Die Verarbeitung der personenbezogenen Daten erfolgt in der Regel aufgrund der Erforderlichkeit zur Erf\u00fcllung eines Vertrages gem\u00e4\u00df Artikel 6 Abs. 1 lit. b) DSGVO. Bei den Vertragsverh\u00e4ltnissen handelt es sich in erster Linie um das Mitgliedschaftsverh\u00e4ltnis im Verein und um die Teilnahme am Spielbetrieb der Fachverb\u00e4nde. <\/i><\/span><\/p>\n<p><span style=\"font-family: Arial, serif;\"><i>Werden personenbezogene Daten erhoben, ohne dass die Verarbeitung zur Erf\u00fcllung des Vertrages erforderlich ist, erfolgt die Verarbeitung aufgrund einer Einwilligung nach Artikel 6 Abs. 1 lit. a) i.V.m. Artikel 7 DSGVO. <\/i><\/span><\/p>\n<p><span style=\"font-family: Arial, serif;\"><i>Die Ver\u00f6ffentlichung personenbezogener Daten im Internet oder in lokalen, regionalen oder \u00fcberregionalen Printmedien erfolgt zur Wahrung berechtigter Interessen des Vereins (vgl. Artikel 6 Abs. 1 lit. f) DSGVO). Das berechtigte Interesse des Vereins besteht in der Information der \u00d6ffentlichkeit durch Berichtserstattung \u00fcber die Aktivit\u00e4ten des Vereins. In diesem Rahmen werden personenbezogene Daten einschlie\u00dflich von Bildern der Teilnehmer zum Beispiel im Rahmen der Berichterstattung \u00fcber sportliche Ereignisse des Vereins ver\u00f6ffentlicht. <\/i><\/span><\/p>\n<p><span style=\"font-family: Arial, serif;\">5. Die Empf\u00e4nger oder Kategorien von Empf\u00e4ngern der personenbezogenen Daten:<\/span><\/p>\n<p><span style=\"font-family: Arial, serif;\"><i>Die Daten der Bankverbindung der Mitglieder werden zum Zwecke des Beitragseinzugs an die Volksbank eG weitergeleitet. <\/i><\/span><\/p>\n<p><span style=\"font-family: Arial, serif;\">6. Die Dauer, f\u00fcr die die personenbezogenen Daten gespeichert werden oder, falls dies nicht m\u00f6glich ist, die Kriterien f\u00fcr die Festlegung der Dauer:<\/span><\/p>\n<p><span style=\"font-family: Arial, serif;\"><i>Die personenbezogenen Daten werden f\u00fcr die Dauer der Mitgliedschaft gespeichert. <\/i><\/span><\/p>\n<p><span style=\"font-family: Arial, serif;\"><i>Alle Daten (z.B. Bankdaten, Anschrift, Kontaktdaten) werden mit Beendigung der Mitgliedschaft gel\u00f6scht.<\/i><\/span><\/p>\n<p><span style=\"font-family: Arial, serif;\">7. Der betroffenen Person stehen unter den in den Artikeln jeweils genannten Voraussetzungen die nachfolgenden Rechte zu:<\/span><\/p>\n<p><span style=\"font-family: Arial, serif;\"><i>&#8211; das Recht auf Auskunft nach Artikel 15 DSGVO,<\/i><\/span><\/p>\n<p><span style=\"font-family: Arial, serif;\"><i>&#8211; das Recht auf Berichtigung nach Artikel 16 DSGVO,<\/i><\/span><\/p>\n<p><span style=\"font-family: Arial, serif;\"><i>&#8211; das Recht auf L\u00f6schung nach Artikel 17 DSGVO,<\/i><\/span><\/p>\n<p><span style=\"font-family: Arial, serif;\"><i>&#8211; das Recht auf Einschr\u00e4nkung der Verarbeitung nach Artikel 18 DSGVO,<\/i><\/span><\/p>\n<p><span style=\"font-family: Arial, serif;\"><i>&#8211; das Recht auf Daten\u00fcbertragbarkeit nach Artikel 20 DSGVO,<\/i><\/span><\/p>\n<p><span style=\"font-family: Arial, serif;\"><i>&#8211; das Widerspruchsrecht nach Artikel 21 DSGVO,<\/i><\/span><\/p>\n<p><span style=\"font-family: Arial, serif;\"><i>&#8211; das Recht auf Beschwerde bei einer Aufsichtsbeh\u00f6rde nach Artikel 77 DSGVO<\/i><\/span><\/p>\n<p><span style=\"font-family: Arial, serif;\"><i>&#8211; das Recht, eine erteilte Einwilligung jederzeit widerrufen zu k\u00f6nnen, ohne dass die Rechtm\u00e4\u00dfigkeit der aufgrund der Einwilligung bis zum Widerruf erfolgten Verarbeitung hierdurch ber\u00fchrt wird<\/i><\/span><span style=\"font-family: Arial, serif;\">.<\/span><\/p>\n<p><span style=\"font-family: Arial, serif;\">8. Die Quelle, aus der die personenbezogenen Daten stammen:<\/span><\/p>\n<p><span style=\"font-family: Arial, serif;\"><i>Die personenbezogenen Daten werden grunds\u00e4tzlich im Rahmen des Erwerbs der Mitgliedschaft erhoben. <\/i><\/span><\/p>\n<p><span style=\"font-family: Arial, serif;\">Ende der Informationspflicht<\/span><\/p>\n<p><span style=\"font-family: Arial, serif;\">Stand: Juli 2018<\/span><\/p>\n","protected":false},"excerpt":{"rendered":"<p>Gerne w\u00fcrden wir Sie als F\u00f6rdermitlied aufnehmen. Lesen Sie die Informationspflichten nach Artikel 13 und 14 DSGVO. Laden Sie den Aufnahmeantrag herunter und senden Sie ihn uns ausgef\u00fcllt zu. Aufnahmeantrag_ Informationspflichten nach Artikel 13 und 14 DSGVO Nach Artikel 13 und 14 EU-DSGVO hat der Verantwortliche einer betroffenen Person, deren Daten er verarbeitet, die in den Artikeln genannten Informationen bereit zu stellen. Dieser Informationspflicht kommt dieses Merkblatt nach. 1. Namen und Kontaktdaten des Verantwortlichen sowie gegebenenfalls seiner Vertreter: F\u00f6rderverein Freibad&#8230;<\/p>\n<p class=\"read-more\"><a class=\"btn btn-default\" href=\"http:\/\/www.freibad-neubeckum.de\/wp\/?page_id=293\">Weiterlesen<span class=\"screen-reader-text\"> Weiterlesen<\/span><\/a><\/p>\n","protected":false},"author":1,"featured_media":0,"parent":0,"menu_order":0,"comment_status":"closed","ping_status":"open","template":"","meta":{"footnotes":""},"_links":{"self":[{"href":"http:\/\/www.freibad-neubeckum.de\/wp\/index.php?rest_route=\/wp\/v2\/pages\/293"}],"collection":[{"href":"http:\/\/www.freibad-neubeckum.de\/wp\/index.php?rest_route=\/wp\/v2\/pages"}],"about":[{"href":"http:\/\/www.freibad-neubeckum.de\/wp\/index.php?rest_route=\/wp\/v2\/types\/page"}],"author":[{"embeddable":true,"href":"http:\/\/www.freibad-neubeckum.de\/wp\/index.php?rest_route=\/wp\/v2\/users\/1"}],"replies":[{"embeddable":true,"href":"http:\/\/www.freibad-neubeckum.de\/wp\/index.php?rest_route=%2Fwp%2Fv2%2Fcomments&post=293"}],"version-history":[{"count":4,"href":"http:\/\/www.freibad-neubeckum.de\/wp\/index.php?rest_route=\/wp\/v2\/pages\/293\/revisions"}],"predecessor-version":[{"id":556,"href":"http:\/\/www.freibad-neubeckum.de\/wp\/index.php?rest_route=\/wp\/v2\/pages\/293\/revisions\/556"}],"wp:attachment":[{"href":"http:\/\/www.freibad-neubeckum.de\/wp\/index.php?rest_route=%2Fwp%2Fv2%2Fmedia&parent=293"}],"curies":[{"name":"wp","href":"https:\/\/api.w.org\/{rel}","templated":true}]}}