{"id":688,"date":"2020-04-29T20:13:17","date_gmt":"2020-04-29T18:13:17","guid":{"rendered":"http:\/\/www.freibad-neubeckum.de\/wp\/?page_id=688"},"modified":"2025-09-18T13:22:16","modified_gmt":"2025-09-18T11:22:16","slug":"unterstuetzen-sie-uns","status":"publish","type":"page","link":"http:\/\/www.freibad-neubeckum.de\/wp\/?page_id=688","title":{"rendered":"Unterst\u00fctzen Sie uns"},"content":{"rendered":"\n<p>Wir freuen uns \u00fcber jede Spende.<\/p>\n\n\n\n<p>Unsere Bankverbindung des F\u00f6rdervereins lautet:<br>F\u00f6rderverein Freibad Neubeckum e. V.<br>Volksbank im M\u00fcnsterland eG<br>IBAN: DE73 4036 1906 2300 3132 00<br>BIC: GENODEM1IBB<\/p>\n","protected":false},"excerpt":{"rendered":"<p>Wir freuen uns \u00fcber jede Spende. Unsere Bankverbindung des F\u00f6rdervereins lautet:F\u00f6rderverein Freibad Neubeckum e. V.Volksbank im M\u00fcnsterland eGIBAN: DE73 4036 1906 2300 3132 00BIC: GENODEM1IBB<\/p>\n","protected":false},"author":1,"featured_media":0,"parent":0,"menu_order":0,"comment_status":"closed","ping_status":"closed","template":"","meta":{"footnotes":""},"_links":{"self":[{"href":"http:\/\/www.freibad-neubeckum.de\/wp\/index.php?rest_route=\/wp\/v2\/pages\/688"}],"collection":[{"href":"http:\/\/www.freibad-neubeckum.de\/wp\/index.php?rest_route=\/wp\/v2\/pages"}],"about":[{"href":"http:\/\/www.freibad-neubeckum.de\/wp\/index.php?rest_route=\/wp\/v2\/types\/page"}],"author":[{"embeddable":true,"href":"http:\/\/www.freibad-neubeckum.de\/wp\/index.php?rest_route=\/wp\/v2\/users\/1"}],"replies":[{"embeddable":true,"href":"http:\/\/www.freibad-neubeckum.de\/wp\/index.php?rest_route=%2Fwp%2Fv2%2Fcomments&post=688"}],"version-history":[{"count":3,"href":"http:\/\/www.freibad-neubeckum.de\/wp\/index.php?rest_route=\/wp\/v2\/pages\/688\/revisions"}],"predecessor-version":[{"id":1014,"href":"http:\/\/www.freibad-neubeckum.de\/wp\/index.php?rest_route=\/wp\/v2\/pages\/688\/revisions\/1014"}],"wp:attachment":[{"href":"http:\/\/www.freibad-neubeckum.de\/wp\/index.php?rest_route=%2Fwp%2Fv2%2Fmedia&parent=688"}],"curies":[{"name":"wp","href":"https:\/\/api.w.org\/{rel}","templated":true}]}}